{"id":9091,"date":"2023-03-23T17:30:21","date_gmt":"2023-03-23T17:30:21","guid":{"rendered":"https:\/\/scubaloo.com\/?page_id=9091"},"modified":"2023-10-06T16:05:21","modified_gmt":"2023-10-06T16:05:21","slug":"diving-centers","status":"publish","type":"page","link":"https:\/\/scubaloo.com\/es\/diving-centers\/","title":{"rendered":"Diving Centers"},"content":{"rendered":"<div data-elementor-type=\"wp-page\" data-elementor-id=\"9091\" class=\"elementor elementor-9091\">\n\t\t\t\t\t\t<section class=\"elementor-section elementor-top-section elementor-element elementor-element-03e2b00 elementor-section-boxed elementor-section-height-default elementor-section-height-default wd-section-disabled\" data-id=\"03e2b00\" data-element_type=\"section\" data-e-type=\"section\">\n\t\t\t\t\t\t<div class=\"elementor-container elementor-column-gap-default\">\n\t\t\t\t\t<div class=\"elementor-column elementor-col-50 elementor-top-column elementor-element elementor-element-d5c855d\" data-id=\"d5c855d\" data-element_type=\"column\" data-e-type=\"column\">\n\t\t\t<div class=\"elementor-widget-wrap elementor-element-populated\">\n\t\t\t\t\t\t<div class=\"elementor-element elementor-element-3e2bc22 elementor-widget elementor-widget-wd_title\" data-id=\"3e2bc22\" data-element_type=\"widget\" data-e-type=\"widget\" data-widget_type=\"wd_title.default\">\n\t\t\t\t<div class=\"elementor-widget-container\">\n\t\t\t\t\t\t\t<div class=\"title-wrapper set-mb-s reset-last-child wd-title-color-primary wd-title-style-default wd-title-size-large text-left\">\n\n\t\t\t\t\t\t\t<div class=\"title-subtitle subtitle-color-primary subtitle-style-default wd-fontsize-xs\">\n\t\t\t\t\tSCUBALOO\t\t\t\t<\/div>\n\t\t\t\n\t\t\t<div class=\"liner-continer\">\n\t\t\t\t<h4 class=\"woodmart-title-container title wd-fontsize-xxl\">Centros de Buceo<\/h4> \n\t\t\t\t\t\t\t<\/div>\n\n\t\t\t\t\t<\/div>\n\t\t\t\t\t\t<\/div>\n\t\t\t\t<\/div>\n\t\t\t\t<div class=\"elementor-element elementor-element-e9ce335 elementor-widget elementor-widget-wd_text_block\" data-id=\"e9ce335\" data-element_type=\"widget\" data-e-type=\"widget\" data-widget_type=\"wd_text_block.default\">\n\t\t\t\t<div class=\"elementor-widget-container\">\n\t\t\t\t\t\t\t<div class=\"wd-text-block reset-last-child text-left\">\n\t\t\t\n\t\t\t<p><b>\u00bfC\u00f3mo profesional te gusta potenciar tu marca verdad?<\/b><\/p><p>No hay mejor manera de que estampar tu marca en un elemento tan visible como las tiras de neopreno y si adem\u00e1s podemos ofrecerte un dise\u00f1o \u00fanico y que gustar\u00e1 a todos tus clientes. \u00bfInteresante verdad? Podemos ayudar a dar ese toque de profesionalidad y encima rentabilizar la inversi\u00f3n con la venta de las mismas como merchandising.<\/p><p>Nuestra t\u00e9cnica y especializaci\u00f3n nos permite crear dise\u00f1os exclusivos ofreciendo la m\u00e1xima calidad a un precio competitivo.<\/p><p><strong>Razones para confiar en Scubaloo:<\/strong><\/p><ul><li><p id=\"tw-target-text\" class=\"tw-data-text tw-text-large tw-ta\" dir=\"ltr\" data-placeholder=\"Traducci\u00f3n\"><span class=\"Y2IQFc\" lang=\"en\">Potencia tu marca<\/span><\/p><\/li><li><p id=\"tw-target-text\" class=\"tw-data-text tw-text-large tw-ta\" dir=\"ltr\" data-placeholder=\"Traducci\u00f3n\"><span class=\"Y2IQFc\" lang=\"en\">Diferenciaci\u00f3n de la competencia<\/span><\/p><\/li><li><p id=\"tw-target-text\" class=\"tw-data-text tw-text-large tw-ta\" dir=\"ltr\" data-placeholder=\"Traducci\u00f3n\"><span class=\"Y2IQFc\" lang=\"en\">Todos nuestros dise\u00f1os son \u00fanicos y profesionales<\/span><\/p><\/li><li><p id=\"tw-target-text\" class=\"tw-data-text tw-text-large tw-ta\" dir=\"ltr\" data-placeholder=\"Traducci\u00f3n\"><span class=\"Y2IQFc\" lang=\"en\">Ganancias extra con el merchandising<\/span><\/p><\/li><\/ul><p id=\"tw-target-text\" class=\"tw-data-text tw-text-large tw-ta\" dir=\"ltr\" data-placeholder=\"Traducci\u00f3n\"><span class=\"Y2IQFc\" lang=\"en\">\u00bfQuieres saber m\u00e1s? Escr\u00edbenos un email a <a href=\"mailto:info@scubaloo.com\">info@scubaloo<\/a> y empecemos a dise\u00f1ar algo \u00fanico juntos.<\/span><\/p>\n\t\t\t\t\t<\/div>\n\t\t\t\t\t\t<\/div>\n\t\t\t\t<\/div>\n\t\t\t\t\t<\/div>\n\t\t<\/div>\n\t\t\t\t<div class=\"elementor-column elementor-col-50 elementor-top-column elementor-element elementor-element-ed95b49\" data-id=\"ed95b49\" data-element_type=\"column\" data-e-type=\"column\">\n\t\t\t<div class=\"elementor-widget-wrap elementor-element-populated\">\n\t\t\t\t\t\t<div class=\"elementor-element elementor-element-5ea9398 elementor-widget elementor-widget-image-carousel\" data-id=\"5ea9398\" data-element_type=\"widget\" data-e-type=\"widget\" data-settings=\"{&quot;slides_to_show&quot;:&quot;1&quot;,&quot;navigation&quot;:&quot;none&quot;,&quot;autoplay&quot;:&quot;yes&quot;,&quot;pause_on_hover&quot;:&quot;yes&quot;,&quot;pause_on_interaction&quot;:&quot;yes&quot;,&quot;autoplay_speed&quot;:5000,&quot;infinite&quot;:&quot;yes&quot;,&quot;effect&quot;:&quot;slide&quot;,&quot;speed&quot;:500}\" data-widget_type=\"image-carousel.default\">\n\t\t\t\t<div class=\"elementor-widget-container\">\n\t\t\t\t\t\t\t<div class=\"elementor-image-carousel-wrapper swiper\" role=\"region\" aria-roledescription=\"carousel\" aria-label=\"Image Carousel\" dir=\"ltr\">\n\t\t\t<div class=\"elementor-image-carousel swiper-wrapper\" aria-live=\"off\">\n\t\t\t\t\t\t\t\t<div class=\"swiper-slide\" role=\"group\" aria-roledescription=\"slide\" aria-label=\"1 of 2\"><figure class=\"swiper-slide-inner\"><img decoding=\"async\" class=\"swiper-slide-image\" src=\"https:\/\/scubaloo.com\/wp-content\/uploads\/elementor\/thumbs\/divingcenters-pic-q3y5nf3u9q8j5xl20kwwn41jwyvlilg24nxurb7y80.jpg\" alt=\"divingcenters-pic\" \/><\/figure><\/div><div class=\"swiper-slide\" role=\"group\" aria-roledescription=\"slide\" aria-label=\"2 of 2\"><figure class=\"swiper-slide-inner\"><img decoding=\"async\" class=\"swiper-slide-image\" src=\"https:\/\/scubaloo.com\/wp-content\/uploads\/elementor\/thumbs\/divingcenters-pic2-q3y5ngzineb3t5ibplq5s3kh3qmbxznisx8tpv55vk.jpg\" alt=\"divingcenters-pic2\" \/><\/figure><\/div>\t\t\t<\/div>\n\t\t\t\t\t\t\t\n\t\t\t\t\t\t\t\t\t<\/div>\n\t\t\t\t\t\t<\/div>\n\t\t\t\t<\/div>\n\t\t\t\t\t<\/div>\n\t\t<\/div>\n\t\t\t\t\t<\/div>\n\t\t<\/section>\n\t\t\t\t<\/div>","protected":false},"excerpt":{"rendered":"<p>SCUBALOO Diving Centers Service How professional do you like to boost your brand, right? There is no better way than<\/p>","protected":false},"author":1,"featured_media":9097,"parent":0,"menu_order":0,"comment_status":"closed","ping_status":"closed","template":"","meta":{"footnotes":""},"class_list":["post-9091","page","type-page","status-publish","has-post-thumbnail","hentry"],"yoast_head":"<!-- This site is optimized with the Yoast SEO plugin v27.5 - https:\/\/yoast.com\/product\/yoast-seo-wordpress\/ -->\n<title>Scubaloo: Tiras de neopreno personalizadas para centros de buceo<\/title>\n<meta name=\"description\" content=\"Tiras de neopreno personalizadas para centros de buceo. Imprime el logo de tu centro de buceo en mask straps y personaliza tu merchandising.\" \/>\n<meta name=\"robots\" content=\"index, follow, max-snippet:-1, max-image-preview:large, max-video-preview:-1\" \/>\n<link rel=\"canonical\" href=\"https:\/\/scubaloo.com\/es\/diving-centers\/\" \/>\n<meta property=\"og:locale\" content=\"es_ES\" \/>\n<meta property=\"og:type\" content=\"article\" \/>\n<meta property=\"og:title\" content=\"Scubaloo: Tiras de neopreno personalizadas para centros de buceo\" \/>\n<meta property=\"og:description\" content=\"Tiras de neopreno personalizadas para centros de buceo. Imprime el logo de tu centro de buceo en mask straps y personaliza tu merchandising.\" \/>\n<meta property=\"og:url\" content=\"https:\/\/scubaloo.com\/es\/diving-centers\/\" \/>\n<meta property=\"og:site_name\" content=\"Scubaloo\" \/>\n<meta property=\"article:modified_time\" content=\"2023-10-06T16:05:21+00:00\" \/>\n<meta property=\"og:image\" content=\"https:\/\/scubaloo.com\/wp-content\/uploads\/2023\/03\/divingcenters-pic2.jpg\" \/>\n\t<meta property=\"og:image:width\" content=\"1500\" \/>\n\t<meta property=\"og:image:height\" content=\"2000\" \/>\n\t<meta property=\"og:image:type\" content=\"image\/jpeg\" \/>\n<meta name=\"twitter:card\" content=\"summary_large_image\" \/>\n<meta name=\"twitter:label1\" content=\"Tiempo de lectura\" \/>\n\t<meta name=\"twitter:data1\" content=\"1 minuto\" \/>\n<script type=\"application\/ld+json\" class=\"yoast-schema-graph\">{\"@context\":\"https:\\\/\\\/schema.org\",\"@graph\":[{\"@type\":\"WebPage\",\"@id\":\"https:\\\/\\\/scubaloo.com\\\/diving-centers\\\/\",\"url\":\"https:\\\/\\\/scubaloo.com\\\/diving-centers\\\/\",\"name\":\"Scubaloo: Tiras de neopreno personalizadas para centros de buceo\",\"isPartOf\":{\"@id\":\"https:\\\/\\\/scubaloo.com\\\/es\\\/#website\"},\"primaryImageOfPage\":{\"@id\":\"https:\\\/\\\/scubaloo.com\\\/diving-centers\\\/#primaryimage\"},\"image\":{\"@id\":\"https:\\\/\\\/scubaloo.com\\\/diving-centers\\\/#primaryimage\"},\"thumbnailUrl\":\"https:\\\/\\\/scubaloo.com\\\/wp-content\\\/uploads\\\/2023\\\/03\\\/divingcenters-pic2.jpg\",\"datePublished\":\"2023-03-23T17:30:21+00:00\",\"dateModified\":\"2023-10-06T16:05:21+00:00\",\"description\":\"Tiras de neopreno personalizadas para centros de buceo. Imprime el logo de tu centro de buceo en mask straps y personaliza tu merchandising.\",\"breadcrumb\":{\"@id\":\"https:\\\/\\\/scubaloo.com\\\/diving-centers\\\/#breadcrumb\"},\"inLanguage\":\"es\",\"potentialAction\":[{\"@type\":\"ReadAction\",\"target\":[\"https:\\\/\\\/scubaloo.com\\\/diving-centers\\\/\"]}]},{\"@type\":\"ImageObject\",\"inLanguage\":\"es\",\"@id\":\"https:\\\/\\\/scubaloo.com\\\/diving-centers\\\/#primaryimage\",\"url\":\"https:\\\/\\\/scubaloo.com\\\/wp-content\\\/uploads\\\/2023\\\/03\\\/divingcenters-pic2.jpg\",\"contentUrl\":\"https:\\\/\\\/scubaloo.com\\\/wp-content\\\/uploads\\\/2023\\\/03\\\/divingcenters-pic2.jpg\",\"width\":1500,\"height\":2000},{\"@type\":\"BreadcrumbList\",\"@id\":\"https:\\\/\\\/scubaloo.com\\\/diving-centers\\\/#breadcrumb\",\"itemListElement\":[{\"@type\":\"ListItem\",\"position\":1,\"name\":\"Portada\",\"item\":\"https:\\\/\\\/scubaloo.com\\\/\"},{\"@type\":\"ListItem\",\"position\":2,\"name\":\"Diving Centers\"}]},{\"@type\":\"WebSite\",\"@id\":\"https:\\\/\\\/scubaloo.com\\\/es\\\/#website\",\"url\":\"https:\\\/\\\/scubaloo.com\\\/es\\\/\",\"name\":\"Scubaloo\",\"description\":\"Diving Apparels and mask straps with original designs\",\"publisher\":{\"@id\":\"https:\\\/\\\/scubaloo.com\\\/es\\\/#organization\"},\"alternateName\":\"Scuba Diving Mask straps\",\"potentialAction\":[{\"@type\":\"SearchAction\",\"target\":{\"@type\":\"EntryPoint\",\"urlTemplate\":\"https:\\\/\\\/scubaloo.com\\\/es\\\/?s={search_term_string}\"},\"query-input\":{\"@type\":\"PropertyValueSpecification\",\"valueRequired\":true,\"valueName\":\"search_term_string\"}}],\"inLanguage\":\"es\"},{\"@type\":\"Organization\",\"@id\":\"https:\\\/\\\/scubaloo.com\\\/es\\\/#organization\",\"name\":\"SCUBALOO\",\"alternateName\":\"SCUBALOO\",\"url\":\"https:\\\/\\\/scubaloo.com\\\/es\\\/\",\"logo\":{\"@type\":\"ImageObject\",\"inLanguage\":\"es\",\"@id\":\"https:\\\/\\\/scubaloo.com\\\/es\\\/#\\\/schema\\\/logo\\\/image\\\/\",\"url\":\"https:\\\/\\\/scubaloo.com\\\/wp-content\\\/uploads\\\/2023\\\/02\\\/logo-scubaloo-2colors.png\",\"contentUrl\":\"https:\\\/\\\/scubaloo.com\\\/wp-content\\\/uploads\\\/2023\\\/02\\\/logo-scubaloo-2colors.png\",\"width\":500,\"height\":320,\"caption\":\"SCUBALOO\"},\"image\":{\"@id\":\"https:\\\/\\\/scubaloo.com\\\/es\\\/#\\\/schema\\\/logo\\\/image\\\/\"},\"sameAs\":[\"https:\\\/\\\/www.instagram.com\\\/scubaloo\\\/\"]}]}<\/script>\n<!-- \/ Yoast SEO plugin. -->","yoast_head_json":{"title":"Scubaloo: Tiras de neopreno personalizadas para centros de buceo","description":"Tiras de neopreno personalizadas para centros de buceo. Imprime el logo de tu centro de buceo en mask straps y personaliza tu merchandising.","robots":{"index":"index","follow":"follow","max-snippet":"max-snippet:-1","max-image-preview":"max-image-preview:large","max-video-preview":"max-video-preview:-1"},"canonical":"https:\/\/scubaloo.com\/es\/diving-centers\/","og_locale":"es_ES","og_type":"article","og_title":"Scubaloo: Tiras de neopreno personalizadas para centros de buceo","og_description":"Tiras de neopreno personalizadas para centros de buceo. Imprime el logo de tu centro de buceo en mask straps y personaliza tu merchandising.","og_url":"https:\/\/scubaloo.com\/es\/diving-centers\/","og_site_name":"Scubaloo","article_modified_time":"2023-10-06T16:05:21+00:00","og_image":[{"width":1500,"height":2000,"url":"https:\/\/scubaloo.com\/wp-content\/uploads\/2023\/03\/divingcenters-pic2.jpg","type":"image\/jpeg"}],"twitter_card":"summary_large_image","twitter_misc":{"Tiempo de lectura":"1 minuto"},"schema":{"@context":"https:\/\/schema.org","@graph":[{"@type":"WebPage","@id":"https:\/\/scubaloo.com\/diving-centers\/","url":"https:\/\/scubaloo.com\/diving-centers\/","name":"Scubaloo: Tiras de neopreno personalizadas para centros de buceo","isPartOf":{"@id":"https:\/\/scubaloo.com\/es\/#website"},"primaryImageOfPage":{"@id":"https:\/\/scubaloo.com\/diving-centers\/#primaryimage"},"image":{"@id":"https:\/\/scubaloo.com\/diving-centers\/#primaryimage"},"thumbnailUrl":"https:\/\/scubaloo.com\/wp-content\/uploads\/2023\/03\/divingcenters-pic2.jpg","datePublished":"2023-03-23T17:30:21+00:00","dateModified":"2023-10-06T16:05:21+00:00","description":"Tiras de neopreno personalizadas para centros de buceo. Imprime el logo de tu centro de buceo en mask straps y personaliza tu merchandising.","breadcrumb":{"@id":"https:\/\/scubaloo.com\/diving-centers\/#breadcrumb"},"inLanguage":"es","potentialAction":[{"@type":"ReadAction","target":["https:\/\/scubaloo.com\/diving-centers\/"]}]},{"@type":"ImageObject","inLanguage":"es","@id":"https:\/\/scubaloo.com\/diving-centers\/#primaryimage","url":"https:\/\/scubaloo.com\/wp-content\/uploads\/2023\/03\/divingcenters-pic2.jpg","contentUrl":"https:\/\/scubaloo.com\/wp-content\/uploads\/2023\/03\/divingcenters-pic2.jpg","width":1500,"height":2000},{"@type":"BreadcrumbList","@id":"https:\/\/scubaloo.com\/diving-centers\/#breadcrumb","itemListElement":[{"@type":"ListItem","position":1,"name":"Portada","item":"https:\/\/scubaloo.com\/"},{"@type":"ListItem","position":2,"name":"Diving Centers"}]},{"@type":"WebSite","@id":"https:\/\/scubaloo.com\/es\/#website","url":"https:\/\/scubaloo.com\/es\/","name":"Scubaloo","description":"Diving Apparels and mask straps with original designs","publisher":{"@id":"https:\/\/scubaloo.com\/es\/#organization"},"alternateName":"Scuba Diving Mask straps","potentialAction":[{"@type":"SearchAction","target":{"@type":"EntryPoint","urlTemplate":"https:\/\/scubaloo.com\/es\/?s={search_term_string}"},"query-input":{"@type":"PropertyValueSpecification","valueRequired":true,"valueName":"search_term_string"}}],"inLanguage":"es"},{"@type":"Organization","@id":"https:\/\/scubaloo.com\/es\/#organization","name":"SCUBALOO","alternateName":"SCUBALOO","url":"https:\/\/scubaloo.com\/es\/","logo":{"@type":"ImageObject","inLanguage":"es","@id":"https:\/\/scubaloo.com\/es\/#\/schema\/logo\/image\/","url":"https:\/\/scubaloo.com\/wp-content\/uploads\/2023\/02\/logo-scubaloo-2colors.png","contentUrl":"https:\/\/scubaloo.com\/wp-content\/uploads\/2023\/02\/logo-scubaloo-2colors.png","width":500,"height":320,"caption":"SCUBALOO"},"image":{"@id":"https:\/\/scubaloo.com\/es\/#\/schema\/logo\/image\/"},"sameAs":["https:\/\/www.instagram.com\/scubaloo\/"]}]}},"jetpack_sharing_enabled":true,"_links":{"self":[{"href":"https:\/\/scubaloo.com\/es\/wp-json\/wp\/v2\/pages\/9091","targetHints":{"allow":["GET"]}}],"collection":[{"href":"https:\/\/scubaloo.com\/es\/wp-json\/wp\/v2\/pages"}],"about":[{"href":"https:\/\/scubaloo.com\/es\/wp-json\/wp\/v2\/types\/page"}],"author":[{"embeddable":true,"href":"https:\/\/scubaloo.com\/es\/wp-json\/wp\/v2\/users\/1"}],"replies":[{"embeddable":true,"href":"https:\/\/scubaloo.com\/es\/wp-json\/wp\/v2\/comments?post=9091"}],"version-history":[{"count":11,"href":"https:\/\/scubaloo.com\/es\/wp-json\/wp\/v2\/pages\/9091\/revisions"}],"predecessor-version":[{"id":9107,"href":"https:\/\/scubaloo.com\/es\/wp-json\/wp\/v2\/pages\/9091\/revisions\/9107"}],"wp:featuredmedia":[{"embeddable":true,"href":"https:\/\/scubaloo.com\/es\/wp-json\/wp\/v2\/media\/9097"}],"wp:attachment":[{"href":"https:\/\/scubaloo.com\/es\/wp-json\/wp\/v2\/media?parent=9091"}],"curies":[{"name":"wp","href":"https:\/\/api.w.org\/{rel}","templated":true}]}}