{"id":10279,"date":"2025-06-04T07:17:38","date_gmt":"2025-06-04T07:17:38","guid":{"rendered":"https:\/\/scubaloo.com\/?post_type=product&#038;p=10279"},"modified":"2026-03-28T10:36:00","modified_gmt":"2026-03-28T10:36:00","slug":"parrot-fish-turquesa-braga-cuello-buceo","status":"publish","type":"product","link":"https:\/\/scubaloo.com\/es\/producto\/parrot-fish-turquesa-braga-cuello-buceo\/","title":{"rendered":"Parrot Fish Braga Turquesa"},"content":{"rendered":"<div data-elementor-type=\"wp-post\" data-elementor-id=\"10279\" class=\"elementor elementor-10279\">\n\t\t\t\t\t\t<section class=\"elementor-section elementor-top-section elementor-element elementor-element-27afdad elementor-section-boxed elementor-section-height-default elementor-section-height-default wd-section-disabled\" data-id=\"27afdad\" data-element_type=\"section\" data-e-type=\"section\">\n\t\t\t\t\t\t<div class=\"elementor-container elementor-column-gap-default\">\n\t\t\t\t\t<div class=\"elementor-column elementor-col-100 elementor-top-column elementor-element elementor-element-91f36c2\" data-id=\"91f36c2\" data-element_type=\"column\" data-e-type=\"column\">\n\t\t\t<div class=\"elementor-widget-wrap elementor-element-populated\">\n\t\t\t\t\t\t<div class=\"elementor-element elementor-element-ff40d8c elementor-widget elementor-widget-wd_text_block\" data-id=\"ff40d8c\" data-element_type=\"widget\" data-e-type=\"widget\" data-widget_type=\"wd_text_block.default\">\n\t\t\t\t<div class=\"elementor-widget-container\">\n\t\t\t\t\t\t\t<div class=\"wd-text-block reset-last-child text-left\">\n\t\t\t\n\t\t\t<h2>Descripci\u00f3n de producto<\/h2><p><span id=\"desc\" class=\"addReadMore showlesscontent\">Los productos Scubaloo est\u00e1n dise\u00f1ados en nuestra f\u00e1brica en Espa\u00f1a.<br \/>La correa de doble hoja te permite llevar la m\u00e1scara con facilidad, aumentando la comodidad durante la inmersi\u00f3n. Adem\u00e1s, el neopreno tiene una flotabilidad ligeramente positiva respecto a la propia m\u00e1scara. La l\u00e1mina doble encajar\u00e1 la correa de silicona de tu m\u00e1scara entre sus dos capas.<br \/><strong>Montaje:\u00a0<\/strong>Desabroche la correa de silicona de su m\u00e1scara e ins\u00e9rtela entre las dos capas de la correa de neopreno. Vuelva a apretar la correa de silicona a la hebilla de la m\u00e1scara.<br \/><strong>Dimensiones:\u00a0<\/strong>22x9x0.5 cm, aprox.<br \/><strong>Material:\u00a0<\/strong>Neopreno con doble costura.<br \/><\/span><strong>Tira M\u00e1scara de buceo doble capa<\/strong>\u00a0al mejor precio y perfecta para tus actividades. En\u00a0<strong>Scubaloo<\/strong>, puedes encontrar otros dise\u00f1os. Tenemos una gran variedad de\u00a0<strong>Accesorios<\/strong>\u00a0para cumplir con tus necesidades y hacerte sentir inspirado a realizar m\u00e1s inmersiones en tus puntos de buceo.<\/p>\n\t\t\t\t\t<\/div>\n\t\t\t\t\t\t<\/div>\n\t\t\t\t<\/div>\n\t\t\t\t\t<\/div>\n\t\t<\/div>\n\t\t\t\t\t<\/div>\n\t\t<\/section>\n\t\t\t\t<\/div>","protected":false},"excerpt":{"rendered":"<p>Braga ligera y multifuncional hecha a partir de botellas de pl\u00e1stico recicladas.<\/p>\n<p>Esta bandana est\u00e1 inspirada en el pez loro, un pez tropical que generalmente puede tener muchos colores diferentes, dependiendo de su especie. Generalmente de colores brillantes, alrededor de 80 especies de peces loro nadan en los arrecifes de coral de todo el mundo.<\/p>\n<p><strong>Caracter\u00edsticas del producto:<\/strong><\/p>\n<ul>\n<li>Protecci\u00f3n solar UPF50<\/li>\n<li>Alta elasticidad<\/li>\n<li>Secado r\u00e1pido<\/li>\n<li>Sensaci\u00f3n refrescante<\/li>\n<li>Resistente al pilling y a la deformaci\u00f3n<\/li>\n<li>90% Poli\u00e9ster reciclado + 10% Spandex<\/li>\n<\/ul>","protected":false},"featured_media":10280,"template":"","meta":[],"product_brand":[],"product_cat":[78],"product_tag":[],"class_list":{"0":"post-10279","1":"product","2":"type-product","3":"status-publish","4":"has-post-thumbnail","6":"product_cat-bragas-buceo","8":"first","9":"instock","10":"sale","11":"shipping-taxable","12":"purchasable","13":"product-type-simple"},"yoast_head":"<!-- This site is optimized with the Yoast SEO plugin v27.5 - https:\/\/yoast.com\/product\/yoast-seo-wordpress\/ -->\n<title>Braga Pez Loro Turquesa | Accesorios de buceo Scubaloo<\/title>\n<meta name=\"description\" content=\"Descubre la braga de cuello Pez Loro Turquesa de Scubaloo. Un accesorio de buceo inspirado en el parrot fish para protegerte del sol, recoger tu pelo y destacar en cada inmersi\u00f3n.\" \/>\n<meta name=\"robots\" content=\"index, follow, max-snippet:-1, max-image-preview:large, max-video-preview:-1\" \/>\n<link rel=\"canonical\" href=\"https:\/\/scubaloo.com\/es\/producto\/parrot-fish-turquesa-braga-cuello-buceo\/\" \/>\n<meta property=\"og:locale\" content=\"es_ES\" \/>\n<meta property=\"og:type\" content=\"article\" \/>\n<meta property=\"og:title\" content=\"Braga Pez Loro Turquesa | Accesorios de buceo Scubaloo\" \/>\n<meta property=\"og:description\" content=\"Descubre la braga de cuello Pez Loro Turquesa de Scubaloo. Un accesorio de buceo inspirado en el parrot fish para protegerte del sol, recoger tu pelo y destacar en cada inmersi\u00f3n.\" \/>\n<meta property=\"og:url\" content=\"https:\/\/scubaloo.com\/es\/producto\/parrot-fish-turquesa-braga-cuello-buceo\/\" \/>\n<meta property=\"og:site_name\" content=\"Scubaloo\" \/>\n<meta property=\"article:modified_time\" content=\"2026-03-28T10:36:00+00:00\" \/>\n<meta property=\"og:image\" content=\"https:\/\/scubaloo.com\/wp-content\/uploads\/2025\/06\/banda-parrot-turquesa1.jpg\" \/>\n\t<meta property=\"og:image:width\" content=\"700\" \/>\n\t<meta property=\"og:image:height\" content=\"734\" \/>\n\t<meta property=\"og:image:type\" content=\"image\/jpeg\" \/>\n<meta name=\"twitter:card\" content=\"summary_large_image\" \/>\n<meta name=\"twitter:label1\" content=\"Tiempo de lectura\" \/>\n\t<meta name=\"twitter:data1\" content=\"1 minuto\" \/>\n<script type=\"application\/ld+json\" class=\"yoast-schema-graph\">{\"@context\":\"https:\\\/\\\/schema.org\",\"@graph\":[{\"@type\":\"WebPage\",\"@id\":\"https:\\\/\\\/scubaloo.com\\\/producto\\\/parrot-fish-turquesa-braga-cuello-buceo\\\/\",\"url\":\"https:\\\/\\\/scubaloo.com\\\/producto\\\/parrot-fish-turquesa-braga-cuello-buceo\\\/\",\"name\":\"Braga Pez Loro Turquesa | Accesorios de buceo Scubaloo\",\"isPartOf\":{\"@id\":\"https:\\\/\\\/scubaloo.com\\\/es\\\/#website\"},\"primaryImageOfPage\":{\"@id\":\"https:\\\/\\\/scubaloo.com\\\/producto\\\/parrot-fish-turquesa-braga-cuello-buceo\\\/#primaryimage\"},\"image\":{\"@id\":\"https:\\\/\\\/scubaloo.com\\\/producto\\\/parrot-fish-turquesa-braga-cuello-buceo\\\/#primaryimage\"},\"thumbnailUrl\":\"https:\\\/\\\/scubaloo.com\\\/wp-content\\\/uploads\\\/2025\\\/06\\\/banda-parrot-turquesa1.jpg\",\"datePublished\":\"2025-06-04T07:17:38+00:00\",\"dateModified\":\"2026-03-28T10:36:00+00:00\",\"description\":\"Descubre la braga de cuello Pez Loro Turquesa de Scubaloo. Un accesorio de buceo inspirado en el parrot fish para protegerte del sol, recoger tu pelo y destacar en cada inmersi\u00f3n.\",\"breadcrumb\":{\"@id\":\"https:\\\/\\\/scubaloo.com\\\/producto\\\/parrot-fish-turquesa-braga-cuello-buceo\\\/#breadcrumb\"},\"inLanguage\":\"es\",\"potentialAction\":[{\"@type\":\"ReadAction\",\"target\":[\"https:\\\/\\\/scubaloo.com\\\/producto\\\/parrot-fish-turquesa-braga-cuello-buceo\\\/\"]}]},{\"@type\":\"ImageObject\",\"inLanguage\":\"es\",\"@id\":\"https:\\\/\\\/scubaloo.com\\\/producto\\\/parrot-fish-turquesa-braga-cuello-buceo\\\/#primaryimage\",\"url\":\"https:\\\/\\\/scubaloo.com\\\/wp-content\\\/uploads\\\/2025\\\/06\\\/banda-parrot-turquesa1.jpg\",\"contentUrl\":\"https:\\\/\\\/scubaloo.com\\\/wp-content\\\/uploads\\\/2025\\\/06\\\/banda-parrot-turquesa1.jpg\",\"width\":700,\"height\":734,\"caption\":\"Braga de cuello Pez Loro Turquesa Scubaloo para buceo con protecci\u00f3n solar UPF50\"},{\"@type\":\"BreadcrumbList\",\"@id\":\"https:\\\/\\\/scubaloo.com\\\/producto\\\/parrot-fish-turquesa-braga-cuello-buceo\\\/#breadcrumb\",\"itemListElement\":[{\"@type\":\"ListItem\",\"position\":1,\"name\":\"Portada\",\"item\":\"https:\\\/\\\/scubaloo.com\\\/\"},{\"@type\":\"ListItem\",\"position\":2,\"name\":\"SHOP\",\"item\":\"https:\\\/\\\/scubaloo.com\\\/tienda\\\/\"},{\"@type\":\"ListItem\",\"position\":3,\"name\":\"Parrot Fish Turquoise Braga\"}]},{\"@type\":\"WebSite\",\"@id\":\"https:\\\/\\\/scubaloo.com\\\/es\\\/#website\",\"url\":\"https:\\\/\\\/scubaloo.com\\\/es\\\/\",\"name\":\"Scubaloo\",\"description\":\"Diving Apparels and mask straps with original designs\",\"publisher\":{\"@id\":\"https:\\\/\\\/scubaloo.com\\\/es\\\/#organization\"},\"alternateName\":\"Scuba Diving Mask straps\",\"potentialAction\":[{\"@type\":\"SearchAction\",\"target\":{\"@type\":\"EntryPoint\",\"urlTemplate\":\"https:\\\/\\\/scubaloo.com\\\/es\\\/?s={search_term_string}\"},\"query-input\":{\"@type\":\"PropertyValueSpecification\",\"valueRequired\":true,\"valueName\":\"search_term_string\"}}],\"inLanguage\":\"es\"},{\"@type\":\"Organization\",\"@id\":\"https:\\\/\\\/scubaloo.com\\\/es\\\/#organization\",\"name\":\"SCUBALOO\",\"alternateName\":\"SCUBALOO\",\"url\":\"https:\\\/\\\/scubaloo.com\\\/es\\\/\",\"logo\":{\"@type\":\"ImageObject\",\"inLanguage\":\"es\",\"@id\":\"https:\\\/\\\/scubaloo.com\\\/es\\\/#\\\/schema\\\/logo\\\/image\\\/\",\"url\":\"https:\\\/\\\/scubaloo.com\\\/wp-content\\\/uploads\\\/2023\\\/02\\\/logo-scubaloo-2colors.png\",\"contentUrl\":\"https:\\\/\\\/scubaloo.com\\\/wp-content\\\/uploads\\\/2023\\\/02\\\/logo-scubaloo-2colors.png\",\"width\":500,\"height\":320,\"caption\":\"SCUBALOO\"},\"image\":{\"@id\":\"https:\\\/\\\/scubaloo.com\\\/es\\\/#\\\/schema\\\/logo\\\/image\\\/\"},\"sameAs\":[\"https:\\\/\\\/www.instagram.com\\\/scubaloo\\\/\"]}]}<\/script>\n<!-- \/ Yoast SEO plugin. -->","yoast_head_json":{"title":"Braga Pez Loro Turquesa | Accesorios de buceo Scubaloo","description":"Descubre la braga de cuello Pez Loro Turquesa de Scubaloo. Un accesorio de buceo inspirado en el parrot fish para protegerte del sol, recoger tu pelo y destacar en cada inmersi\u00f3n.","robots":{"index":"index","follow":"follow","max-snippet":"max-snippet:-1","max-image-preview":"max-image-preview:large","max-video-preview":"max-video-preview:-1"},"canonical":"https:\/\/scubaloo.com\/es\/producto\/parrot-fish-turquesa-braga-cuello-buceo\/","og_locale":"es_ES","og_type":"article","og_title":"Braga Pez Loro Turquesa | Accesorios de buceo Scubaloo","og_description":"Descubre la braga de cuello Pez Loro Turquesa de Scubaloo. Un accesorio de buceo inspirado en el parrot fish para protegerte del sol, recoger tu pelo y destacar en cada inmersi\u00f3n.","og_url":"https:\/\/scubaloo.com\/es\/producto\/parrot-fish-turquesa-braga-cuello-buceo\/","og_site_name":"Scubaloo","article_modified_time":"2026-03-28T10:36:00+00:00","og_image":[{"width":700,"height":734,"url":"https:\/\/scubaloo.com\/wp-content\/uploads\/2025\/06\/banda-parrot-turquesa1.jpg","type":"image\/jpeg"}],"twitter_card":"summary_large_image","twitter_misc":{"Tiempo de lectura":"1 minuto"},"schema":{"@context":"https:\/\/schema.org","@graph":[{"@type":"WebPage","@id":"https:\/\/scubaloo.com\/producto\/parrot-fish-turquesa-braga-cuello-buceo\/","url":"https:\/\/scubaloo.com\/producto\/parrot-fish-turquesa-braga-cuello-buceo\/","name":"Braga Pez Loro Turquesa | Accesorios de buceo Scubaloo","isPartOf":{"@id":"https:\/\/scubaloo.com\/es\/#website"},"primaryImageOfPage":{"@id":"https:\/\/scubaloo.com\/producto\/parrot-fish-turquesa-braga-cuello-buceo\/#primaryimage"},"image":{"@id":"https:\/\/scubaloo.com\/producto\/parrot-fish-turquesa-braga-cuello-buceo\/#primaryimage"},"thumbnailUrl":"https:\/\/scubaloo.com\/wp-content\/uploads\/2025\/06\/banda-parrot-turquesa1.jpg","datePublished":"2025-06-04T07:17:38+00:00","dateModified":"2026-03-28T10:36:00+00:00","description":"Descubre la braga de cuello Pez Loro Turquesa de Scubaloo. Un accesorio de buceo inspirado en el parrot fish para protegerte del sol, recoger tu pelo y destacar en cada inmersi\u00f3n.","breadcrumb":{"@id":"https:\/\/scubaloo.com\/producto\/parrot-fish-turquesa-braga-cuello-buceo\/#breadcrumb"},"inLanguage":"es","potentialAction":[{"@type":"ReadAction","target":["https:\/\/scubaloo.com\/producto\/parrot-fish-turquesa-braga-cuello-buceo\/"]}]},{"@type":"ImageObject","inLanguage":"es","@id":"https:\/\/scubaloo.com\/producto\/parrot-fish-turquesa-braga-cuello-buceo\/#primaryimage","url":"https:\/\/scubaloo.com\/wp-content\/uploads\/2025\/06\/banda-parrot-turquesa1.jpg","contentUrl":"https:\/\/scubaloo.com\/wp-content\/uploads\/2025\/06\/banda-parrot-turquesa1.jpg","width":700,"height":734,"caption":"Braga de cuello Pez Loro Turquesa Scubaloo para buceo con protecci\u00f3n solar UPF50"},{"@type":"BreadcrumbList","@id":"https:\/\/scubaloo.com\/producto\/parrot-fish-turquesa-braga-cuello-buceo\/#breadcrumb","itemListElement":[{"@type":"ListItem","position":1,"name":"Portada","item":"https:\/\/scubaloo.com\/"},{"@type":"ListItem","position":2,"name":"SHOP","item":"https:\/\/scubaloo.com\/tienda\/"},{"@type":"ListItem","position":3,"name":"Parrot Fish Turquoise Braga"}]},{"@type":"WebSite","@id":"https:\/\/scubaloo.com\/es\/#website","url":"https:\/\/scubaloo.com\/es\/","name":"Scubaloo","description":"Diving Apparels and mask straps with original designs","publisher":{"@id":"https:\/\/scubaloo.com\/es\/#organization"},"alternateName":"Scuba Diving Mask straps","potentialAction":[{"@type":"SearchAction","target":{"@type":"EntryPoint","urlTemplate":"https:\/\/scubaloo.com\/es\/?s={search_term_string}"},"query-input":{"@type":"PropertyValueSpecification","valueRequired":true,"valueName":"search_term_string"}}],"inLanguage":"es"},{"@type":"Organization","@id":"https:\/\/scubaloo.com\/es\/#organization","name":"SCUBALOO","alternateName":"SCUBALOO","url":"https:\/\/scubaloo.com\/es\/","logo":{"@type":"ImageObject","inLanguage":"es","@id":"https:\/\/scubaloo.com\/es\/#\/schema\/logo\/image\/","url":"https:\/\/scubaloo.com\/wp-content\/uploads\/2023\/02\/logo-scubaloo-2colors.png","contentUrl":"https:\/\/scubaloo.com\/wp-content\/uploads\/2023\/02\/logo-scubaloo-2colors.png","width":500,"height":320,"caption":"SCUBALOO"},"image":{"@id":"https:\/\/scubaloo.com\/es\/#\/schema\/logo\/image\/"},"sameAs":["https:\/\/www.instagram.com\/scubaloo\/"]}]}},"jetpack_sharing_enabled":true,"_links":{"self":[{"href":"https:\/\/scubaloo.com\/es\/wp-json\/wp\/v2\/product\/10279","targetHints":{"allow":["GET"]}}],"collection":[{"href":"https:\/\/scubaloo.com\/es\/wp-json\/wp\/v2\/product"}],"about":[{"href":"https:\/\/scubaloo.com\/es\/wp-json\/wp\/v2\/types\/product"}],"version-history":[{"count":1,"href":"https:\/\/scubaloo.com\/es\/wp-json\/wp\/v2\/product\/10279\/revisions"}],"predecessor-version":[{"id":10283,"href":"https:\/\/scubaloo.com\/es\/wp-json\/wp\/v2\/product\/10279\/revisions\/10283"}],"wp:featuredmedia":[{"embeddable":true,"href":"https:\/\/scubaloo.com\/es\/wp-json\/wp\/v2\/media\/10280"}],"wp:attachment":[{"href":"https:\/\/scubaloo.com\/es\/wp-json\/wp\/v2\/media?parent=10279"}],"wp:term":[{"taxonomy":"product_brand","embeddable":true,"href":"https:\/\/scubaloo.com\/es\/wp-json\/wp\/v2\/product_brand?post=10279"},{"taxonomy":"product_cat","embeddable":true,"href":"https:\/\/scubaloo.com\/es\/wp-json\/wp\/v2\/product_cat?post=10279"},{"taxonomy":"product_tag","embeddable":true,"href":"https:\/\/scubaloo.com\/es\/wp-json\/wp\/v2\/product_tag?post=10279"}],"curies":[{"name":"wp","href":"https:\/\/api.w.org\/{rel}","templated":true}]}}